{"id":16790,"date":"2022-01-11T05:21:52","date_gmt":"2022-01-11T05:21:52","guid":{"rendered":"https:\/\/genomecanada.ca\/?page_id=16790"},"modified":"2022-05-04T16:54:16","modified_gmt":"2022-05-04T16:54:16","slug":"presentation-de-linformation-financiere","status":"publish","type":"page","link":"https:\/\/genomecanada.ca\/fr\/apropos\/politiques-et-declarations-generales\/presentation-de-linformation-financiere\/","title":{"rendered":"Pr\u00e9sentation de l\u2019information financi\u00e8re"},"content":{"rendered":"\t\t<div data-elementor-type=\"wp-page\" data-elementor-id=\"16790\" class=\"elementor elementor-16790 elementor-6865\" data-elementor-post-type=\"page\">\n\t\t\t\t\t\t<section class=\"has_eae_slider elementor-section elementor-top-section elementor-element elementor-element-acdb108 elementor-section-full_width elementor-section-height-default elementor-section-height-default\" data-eae-slider=\"72316\" data-id=\"acdb108\" data-element_type=\"section\" data-e-type=\"section\">\n\t\t\t\t\t\t<div class=\"elementor-container elementor-column-gap-no\">\n\t\t\t\t\t<div class=\"has_eae_slider elementor-column elementor-col-100 elementor-top-column elementor-element elementor-element-7b45e9c\" data-eae-slider=\"17220\" data-id=\"7b45e9c\" data-element_type=\"column\" data-e-type=\"column\">\n\t\t\t<div class=\"elementor-widget-wrap elementor-element-populated\">\n\t\t\t\t\t\t<div class=\"elementor-element elementor-element-edad194 bread-crumbs normal elementor-widget elementor-widget-breadcrumbs\" data-id=\"edad194\" data-element_type=\"widget\" data-e-type=\"widget\" data-widget_type=\"breadcrumbs.default\">\n\t\t\t\t<div class=\"elementor-widget-container\">\n\t\t\t\t\t<p id=\"breadcrumbs\"><span><span><a href=\"https:\/\/genomecanada.ca\/fr\/\">Home<\/a><\/span><\/span><\/p>\t\t\t\t<\/div>\n\t\t\t\t<\/div>\n\t\t\t\t\t<\/div>\n\t\t<\/div>\n\t\t\t\t\t<\/div>\n\t\t<\/section>\n\t\t\t\t<section class=\"has_eae_slider elementor-section elementor-top-section elementor-element elementor-element-d03bd36 elementor-section-boxed elementor-section-height-default elementor-section-height-default\" data-eae-slider=\"28440\" data-id=\"d03bd36\" data-element_type=\"section\" data-e-type=\"section\">\n\t\t\t\t\t\t<div class=\"elementor-container elementor-column-gap-no\">\n\t\t\t\t\t<div class=\"has_eae_slider elementor-column elementor-col-100 elementor-top-column elementor-element elementor-element-14c502e6\" data-eae-slider=\"21826\" data-id=\"14c502e6\" data-element_type=\"column\" data-e-type=\"column\">\n\t\t\t<div class=\"elementor-widget-wrap elementor-element-populated\">\n\t\t\t\t\t\t<div class=\"elementor-element elementor-element-69f1e67d elementor-widget elementor-widget-heading\" data-id=\"69f1e67d\" data-element_type=\"widget\" data-e-type=\"widget\" data-widget_type=\"heading.default\">\n\t\t\t\t<div class=\"elementor-widget-container\">\n\t\t\t\t\t<h1 class=\"elementor-heading-title elementor-size-default\">Pr\u00e9sentation de l\u2019information financi\u00e8re<\/h1>\t\t\t\t<\/div>\n\t\t\t\t<\/div>\n\t\t\t\t\t<\/div>\n\t\t<\/div>\n\t\t\t\t\t<\/div>\n\t\t<\/section>\n\t\t\t\t<section class=\"has_eae_slider elementor-section elementor-top-section elementor-element elementor-element-78d94c1 elementor-section-boxed elementor-section-height-default elementor-section-height-default\" data-eae-slider=\"93878\" data-id=\"78d94c1\" data-element_type=\"section\" data-e-type=\"section\" data-settings=\"{&quot;background_background&quot;:&quot;classic&quot;}\">\n\t\t\t\t\t\t<div class=\"elementor-container elementor-column-gap-default\">\n\t\t\t\t\t<div class=\"has_eae_slider elementor-column elementor-col-100 elementor-top-column elementor-element elementor-element-19230085\" data-eae-slider=\"84045\" data-id=\"19230085\" data-element_type=\"column\" data-e-type=\"column\">\n\t\t\t<div class=\"elementor-widget-wrap elementor-element-populated\">\n\t\t\t\t\t\t<section class=\"has_eae_slider elementor-section elementor-inner-section elementor-element elementor-element-79fcb96c elementor-section-boxed elementor-section-height-default elementor-section-height-default\" data-eae-slider=\"46584\" data-id=\"79fcb96c\" data-element_type=\"section\" data-e-type=\"section\">\n\t\t\t\t\t\t<div class=\"elementor-container elementor-column-gap-default\">\n\t\t\t\t\t<div class=\"has_eae_slider elementor-column elementor-col-50 elementor-inner-column elementor-element elementor-element-4d4c1692\" data-eae-slider=\"80594\" data-id=\"4d4c1692\" data-element_type=\"column\" data-e-type=\"column\">\n\t\t\t<div class=\"elementor-widget-wrap elementor-element-populated\">\n\t\t\t\t\t\t<div class=\"elementor-element elementor-element-2da8d90a elementor-widget elementor-widget-image\" data-id=\"2da8d90a\" data-element_type=\"widget\" data-e-type=\"widget\" data-widget_type=\"image.default\">\n\t\t\t\t<div class=\"elementor-widget-container\">\n\t\t\t\t\t\t\t\t\t\t\t\t\t\t\t<img fetchpriority=\"high\" decoding=\"async\" width=\"400\" height=\"331\" src=\"https:\/\/genomecanada.ca\/wp-content\/uploads\/2022\/01\/Genome-Financial-Reporting-System2.png\" class=\"attachment-large size-large wp-image-12928\" alt=\"Open laptop.\" srcset=\"https:\/\/genomecanada.ca\/wp-content\/uploads\/2022\/01\/Genome-Financial-Reporting-System2.png 400w, https:\/\/genomecanada.ca\/wp-content\/uploads\/2022\/01\/Genome-Financial-Reporting-System2-300x248.png 300w\" sizes=\"(max-width: 400px) 100vw, 400px\" \/>\t\t\t\t\t\t\t\t\t\t\t\t\t\t\t<\/div>\n\t\t\t\t<\/div>\n\t\t\t\t\t<\/div>\n\t\t<\/div>\n\t\t\t\t<div class=\"has_eae_slider elementor-column elementor-col-50 elementor-inner-column elementor-element elementor-element-412e028b\" data-eae-slider=\"96905\" data-id=\"412e028b\" data-element_type=\"column\" data-e-type=\"column\" data-settings=\"{&quot;background_background&quot;:&quot;classic&quot;}\">\n\t\t\t<div class=\"elementor-widget-wrap elementor-element-populated\">\n\t\t\t\t\t\t<div class=\"elementor-element elementor-element-24fc779d elementor-widget elementor-widget-text-editor\" data-id=\"24fc779d\" data-element_type=\"widget\" data-e-type=\"widget\" data-widget_type=\"text-editor.default\">\n\t\t\t\t<div class=\"elementor-widget-container\">\n\t\t\t\t\t\t\t\t\t<p>Consultez le\u00a0<span style=\"text-decoration: underline;\"><strong><a href=\"http:\/\/genomereports.ca\/section.php?Lang=Fr&amp;ID=3&amp;Nav=Section\" target=\"_blank\" rel=\"noopener noreferrer\">Syst\u00e8me de pr\u00e9sentation de l\u2019information financi\u00e8re<\/a><\/strong><\/span>\u00a0de G\u00e9nome Canada pour acc\u00e9der \u00e0 la base de donn\u00e9es contenant l\u2019information financi\u00e8re sur tous les investissements de G\u00e9nome Canada dans des projets de recherche \u00e0 grande \u00e9chelle, la technologie et les applications. La base de donn\u00e9es peut \u00eatre interrog\u00e9e pour obtenir des rapports d\u00e9taill\u00e9s selon un ou plusieurs crit\u00e8res. Elle comporte aussi des liens avec des descriptions des projets ou des initiatives qui ont obtenu un financement.<\/p>\t\t\t\t\t\t\t\t<\/div>\n\t\t\t\t<\/div>\n\t\t\t\t<div class=\"elementor-element elementor-element-44f89b8a elementor-align-center learn-more-button elementor-widget elementor-widget-button\" data-id=\"44f89b8a\" data-element_type=\"widget\" data-e-type=\"widget\" data-widget_type=\"button.default\">\n\t\t\t\t<div class=\"elementor-widget-container\">\n\t\t\t\t\t\t\t\t\t<div class=\"elementor-button-wrapper\">\n\t\t\t\t\t<a class=\"elementor-button elementor-button-link elementor-size-sm\" href=\"http:\/\/genomereports.ca\/section.php?Lang=Fr&#038;ID=3&#038;Nav=Section\">\n\t\t\t\t\t\t<span class=\"elementor-button-content-wrapper\">\n\t\t\t\t\t\t\t\t\t<span class=\"elementor-button-text\">voir le syst\u00e8me de rapports<\/span>\n\t\t\t\t\t<\/span>\n\t\t\t\t\t<\/a>\n\t\t\t\t<\/div>\n\t\t\t\t\t\t\t\t<\/div>\n\t\t\t\t<\/div>\n\t\t\t\t<div class=\"elementor-element elementor-element-677030f6 button-icon elementor-view-default elementor-widget elementor-widget-icon\" data-id=\"677030f6\" data-element_type=\"widget\" data-e-type=\"widget\" data-widget_type=\"icon.default\">\n\t\t\t\t<div class=\"elementor-widget-container\">\n\t\t\t\t\t\t\t<div class=\"elementor-icon-wrapper\">\n\t\t\t<a class=\"elementor-icon\" href=\"http:\/\/genomereports.ca\/section.php?Lang=Fr&#038;ID=3&#038;Nav=Section\">\n\t\t\t<svg xmlns=\"http:\/\/www.w3.org\/2000\/svg\" width=\"26.813\" height=\"26\" viewBox=\"0 0 26.813 26\"><g id=\"download-icon\" transform=\"translate(-1484.256 -2147.172)\"><g id=\"Group_1106\" data-name=\"Group 1106\" transform=\"translate(1484.256 2147.172)\"><rect id=\"Rectangle_789\" data-name=\"Rectangle 789\" width=\"26.813\" height=\"26\" fill=\"#eb0028\"><\/rect><\/g><path id=\"Path_660\" data-name=\"Path 660\" d=\"M21.262,32.5H7.5a1,1,0,0,1,0-2H21.262a1,1,0,0,1,0,2Z\" transform=\"translate(1483.465 2134.176)\" fill=\"#fff\"><\/path><path id=\"Path_661\" data-name=\"Path 661\" d=\"M15.415,20.915a1,1,0,0,1-.707-.293L9.793,15.707a1,1,0,0,1,1.414-1.414L15.415,18.5l4.208-4.208a1,1,0,1,1,1.414,1.414l-4.915,4.915A1,1,0,0,1,15.415,20.915Z\" transform=\"translate(1482.43 2139.863)\" fill=\"#fff\"><\/path><\/g><\/svg>\t\t\t<\/a>\n\t\t<\/div>\n\t\t\t\t\t\t<\/div>\n\t\t\t\t<\/div>\n\t\t\t\t\t<\/div>\n\t\t<\/div>\n\t\t\t\t\t<\/div>\n\t\t<\/section>\n\t\t\t\t\t<\/div>\n\t\t<\/div>\n\t\t\t\t\t<\/div>\n\t\t<\/section>\n\t\t\t\t<\/div>\n\t\t","protected":false},"excerpt":{"rendered":"<p>Pr\u00e9sentation de l\u2019information financi\u00e8re Consultez le\u00a0Syst\u00e8me de pr\u00e9sentation de l\u2019information financi\u00e8re\u00a0de G\u00e9nome Canada pour acc\u00e9der \u00e0 la base de donn\u00e9es contenant l\u2019information financi\u00e8re sur tous les investissements de G\u00e9nome Canada dans des projets de recherche \u00e0 grande \u00e9chelle, la technologie et les applications. La base de donn\u00e9es peut \u00eatre interrog\u00e9e pour obtenir des rapports d\u00e9taill\u00e9s [&hellip;]<\/p>\n","protected":false},"author":2,"featured_media":0,"parent":16766,"menu_order":0,"comment_status":"closed","ping_status":"closed","template":"","meta":{"_acf_changed":false,"site-sidebar-layout":"no-sidebar","site-content-layout":"page-builder","ast-site-content-layout":"default","site-content-style":"default","site-sidebar-style":"default","ast-global-header-display":"","ast-banner-title-visibility":"","ast-main-header-display":"","ast-hfb-above-header-display":"","ast-hfb-below-header-display":"","ast-hfb-mobile-header-display":"","site-post-title":"disabled","ast-breadcrumbs-content":"","ast-featured-img":"disabled","footer-sml-layout":"","ast-disable-related-posts":"","theme-transparent-header-meta":"default","adv-header-id-meta":"","stick-header-meta":"","header-above-stick-meta":"","header-main-stick-meta":"","header-below-stick-meta":"","astra-migrate-meta-layouts":"default","ast-page-background-enabled":"default","ast-page-background-meta":{"desktop":{"background-color":"","background-image":"","background-repeat":"repeat","background-position":"center center","background-size":"auto","background-attachment":"scroll","background-type":"","background-media":"","overlay-type":"","overlay-color":"","overlay-opacity":"","overlay-gradient":""},"tablet":{"background-color":"","background-image":"","background-repeat":"repeat","background-position":"center center","background-size":"auto","background-attachment":"scroll","background-type":"","background-media":"","overlay-type":"","overlay-color":"","overlay-opacity":"","overlay-gradient":""},"mobile":{"background-color":"","background-image":"","background-repeat":"repeat","background-position":"center center","background-size":"auto","background-attachment":"scroll","background-type":"","background-media":"","overlay-type":"","overlay-color":"","overlay-opacity":"","overlay-gradient":""}},"ast-content-background-meta":{"desktop":{"background-color":"var(--ast-global-color-5)","background-image":"","background-repeat":"repeat","background-position":"center center","background-size":"auto","background-attachment":"scroll","background-type":"","background-media":"","overlay-type":"","overlay-color":"","overlay-opacity":"","overlay-gradient":""},"tablet":{"background-color":"var(--ast-global-color-5)","background-image":"","background-repeat":"repeat","background-position":"center center","background-size":"auto","background-attachment":"scroll","background-type":"","background-media":"","overlay-type":"","overlay-color":"","overlay-opacity":"","overlay-gradient":""},"mobile":{"background-color":"var(--ast-global-color-5)","background-image":"","background-repeat":"repeat","background-position":"center center","background-size":"auto","background-attachment":"scroll","background-type":"","background-media":"","overlay-type":"","overlay-color":"","overlay-opacity":"","overlay-gradient":""}},"footnotes":""},"class_list":["post-16790","page","type-page","status-publish","hentry"],"acf":[],"yoast_head":"<!-- This site is optimized with the Yoast SEO plugin v27.4 - https:\/\/yoast.com\/product\/yoast-seo-wordpress\/ -->\n<title>Pr\u00e9sentation de l\u2019information financi\u00e8re - GenomeCanada<\/title>\n<meta name=\"robots\" content=\"index, follow, max-snippet:-1, max-image-preview:large, max-video-preview:-1\" \/>\n<link rel=\"canonical\" href=\"https:\/\/genomecanada.ca\/fr\/apropos\/politiques-et-declarations-generales\/presentation-de-linformation-financiere\/\" \/>\n<meta property=\"og:locale\" content=\"fr_FR\" \/>\n<meta property=\"og:type\" content=\"article\" \/>\n<meta property=\"og:title\" content=\"Pr\u00e9sentation de l\u2019information financi\u00e8re - GenomeCanada\" \/>\n<meta property=\"og:description\" content=\"Pr\u00e9sentation de l\u2019information financi\u00e8re Consultez le\u00a0Syst\u00e8me de pr\u00e9sentation de l\u2019information financi\u00e8re\u00a0de G\u00e9nome Canada pour acc\u00e9der \u00e0 la base de donn\u00e9es contenant l\u2019information financi\u00e8re sur tous les investissements de G\u00e9nome Canada dans des projets de recherche \u00e0 grande \u00e9chelle, la technologie et les applications. La base de donn\u00e9es peut \u00eatre interrog\u00e9e pour obtenir des rapports d\u00e9taill\u00e9s [&hellip;]\" \/>\n<meta property=\"og:url\" content=\"https:\/\/genomecanada.ca\/fr\/apropos\/politiques-et-declarations-generales\/presentation-de-linformation-financiere\/\" \/>\n<meta property=\"og:site_name\" content=\"GenomeCanada\" \/>\n<meta property=\"article:modified_time\" content=\"2022-05-04T16:54:16+00:00\" \/>\n<meta property=\"og:image\" content=\"https:\/\/genomecanada.ca\/wp-content\/uploads\/2022\/01\/Genome-Financial-Reporting-System2.png\" \/>\n<meta name=\"twitter:card\" content=\"summary_large_image\" \/>\n<meta name=\"twitter:label1\" content=\"Dur\u00e9e de lecture estim\u00e9e\" \/>\n\t<meta name=\"twitter:data1\" content=\"1 minute\" \/>\n<script type=\"application\/ld+json\" class=\"yoast-schema-graph\">{\"@context\":\"https:\\\/\\\/schema.org\",\"@graph\":[{\"@type\":\"WebPage\",\"@id\":\"https:\\\/\\\/genomecanada.ca\\\/fr\\\/apropos\\\/politiques-et-declarations-generales\\\/presentation-de-linformation-financiere\\\/\",\"url\":\"https:\\\/\\\/genomecanada.ca\\\/fr\\\/apropos\\\/politiques-et-declarations-generales\\\/presentation-de-linformation-financiere\\\/\",\"name\":\"Pr\u00e9sentation de l\u2019information financi\u00e8re - GenomeCanada\",\"isPartOf\":{\"@id\":\"https:\\\/\\\/genomecanada.ca\\\/fr\\\/#website\"},\"primaryImageOfPage\":{\"@id\":\"https:\\\/\\\/genomecanada.ca\\\/fr\\\/apropos\\\/politiques-et-declarations-generales\\\/presentation-de-linformation-financiere\\\/#primaryimage\"},\"image\":{\"@id\":\"https:\\\/\\\/genomecanada.ca\\\/fr\\\/apropos\\\/politiques-et-declarations-generales\\\/presentation-de-linformation-financiere\\\/#primaryimage\"},\"thumbnailUrl\":\"https:\\\/\\\/genomecanada.ca\\\/wp-content\\\/uploads\\\/2022\\\/01\\\/Genome-Financial-Reporting-System2.png\",\"datePublished\":\"2022-01-11T05:21:52+00:00\",\"dateModified\":\"2022-05-04T16:54:16+00:00\",\"breadcrumb\":{\"@id\":\"https:\\\/\\\/genomecanada.ca\\\/fr\\\/apropos\\\/politiques-et-declarations-generales\\\/presentation-de-linformation-financiere\\\/#breadcrumb\"},\"inLanguage\":\"fr-FR\",\"potentialAction\":[{\"@type\":\"ReadAction\",\"target\":[\"https:\\\/\\\/genomecanada.ca\\\/fr\\\/apropos\\\/politiques-et-declarations-generales\\\/presentation-de-linformation-financiere\\\/\"]}]},{\"@type\":\"ImageObject\",\"inLanguage\":\"fr-FR\",\"@id\":\"https:\\\/\\\/genomecanada.ca\\\/fr\\\/apropos\\\/politiques-et-declarations-generales\\\/presentation-de-linformation-financiere\\\/#primaryimage\",\"url\":\"https:\\\/\\\/genomecanada.ca\\\/wp-content\\\/uploads\\\/2022\\\/01\\\/Genome-Financial-Reporting-System2.png\",\"contentUrl\":\"https:\\\/\\\/genomecanada.ca\\\/wp-content\\\/uploads\\\/2022\\\/01\\\/Genome-Financial-Reporting-System2.png\"},{\"@type\":\"BreadcrumbList\",\"@id\":\"https:\\\/\\\/genomecanada.ca\\\/fr\\\/apropos\\\/politiques-et-declarations-generales\\\/presentation-de-linformation-financiere\\\/#breadcrumb\",\"itemListElement\":[{\"@type\":\"ListItem\",\"position\":1,\"name\":\"Home\",\"item\":\"https:\\\/\\\/genomecanada.ca\\\/fr\\\/\"},{\"@type\":\"ListItem\",\"position\":2,\"name\":\"\u00c0 propos\",\"item\":\"https:\\\/\\\/genomecanada.ca\\\/fr\\\/about\\\/\"},{\"@type\":\"ListItem\",\"position\":3,\"name\":\"Politiques et d\u00e9clarations g\u00e9n\u00e9rales\",\"item\":\"https:\\\/\\\/genomecanada.ca\\\/fr\\\/about\\\/corporate-policies-and-statements\\\/\"},{\"@type\":\"ListItem\",\"position\":4,\"name\":\"Pr\u00e9sentation de l\u2019information financi\u00e8re\"}]},{\"@type\":\"WebSite\",\"@id\":\"https:\\\/\\\/genomecanada.ca\\\/fr\\\/#website\",\"url\":\"https:\\\/\\\/genomecanada.ca\\\/fr\\\/\",\"name\":\"GenomeCanada\",\"description\":\"Harnessing the transformative power of genomics\",\"publisher\":{\"@id\":\"https:\\\/\\\/genomecanada.ca\\\/fr\\\/#organization\"},\"potentialAction\":[{\"@type\":\"SearchAction\",\"target\":{\"@type\":\"EntryPoint\",\"urlTemplate\":\"https:\\\/\\\/genomecanada.ca\\\/fr\\\/?s={search_term_string}\"},\"query-input\":{\"@type\":\"PropertyValueSpecification\",\"valueRequired\":true,\"valueName\":\"search_term_string\"}}],\"inLanguage\":\"fr-FR\"},{\"@type\":\"Organization\",\"@id\":\"https:\\\/\\\/genomecanada.ca\\\/fr\\\/#organization\",\"name\":\"GenomeCanada\",\"url\":\"https:\\\/\\\/genomecanada.ca\\\/fr\\\/\",\"logo\":{\"@type\":\"ImageObject\",\"inLanguage\":\"fr-FR\",\"@id\":\"https:\\\/\\\/genomecanada.ca\\\/fr\\\/#\\\/schema\\\/logo\\\/image\\\/\",\"url\":\"https:\\\/\\\/genomecanada.ca\\\/wp-content\\\/uploads\\\/2021\\\/07\\\/genome-canada_stacked.svg\",\"contentUrl\":\"https:\\\/\\\/genomecanada.ca\\\/wp-content\\\/uploads\\\/2021\\\/07\\\/genome-canada_stacked.svg\",\"width\":285,\"height\":180,\"caption\":\"GenomeCanada\"},\"image\":{\"@id\":\"https:\\\/\\\/genomecanada.ca\\\/fr\\\/#\\\/schema\\\/logo\\\/image\\\/\"}}]}<\/script>\n<!-- \/ Yoast SEO plugin. -->","yoast_head_json":{"title":"Pr\u00e9sentation de l\u2019information financi\u00e8re - GenomeCanada","robots":{"index":"index","follow":"follow","max-snippet":"max-snippet:-1","max-image-preview":"max-image-preview:large","max-video-preview":"max-video-preview:-1"},"canonical":"https:\/\/genomecanada.ca\/fr\/apropos\/politiques-et-declarations-generales\/presentation-de-linformation-financiere\/","og_locale":"fr_FR","og_type":"article","og_title":"Pr\u00e9sentation de l\u2019information financi\u00e8re - GenomeCanada","og_description":"Pr\u00e9sentation de l\u2019information financi\u00e8re Consultez le\u00a0Syst\u00e8me de pr\u00e9sentation de l\u2019information financi\u00e8re\u00a0de G\u00e9nome Canada pour acc\u00e9der \u00e0 la base de donn\u00e9es contenant l\u2019information financi\u00e8re sur tous les investissements de G\u00e9nome Canada dans des projets de recherche \u00e0 grande \u00e9chelle, la technologie et les applications. La base de donn\u00e9es peut \u00eatre interrog\u00e9e pour obtenir des rapports d\u00e9taill\u00e9s [&hellip;]","og_url":"https:\/\/genomecanada.ca\/fr\/apropos\/politiques-et-declarations-generales\/presentation-de-linformation-financiere\/","og_site_name":"GenomeCanada","article_modified_time":"2022-05-04T16:54:16+00:00","og_image":[{"url":"https:\/\/genomecanada.ca\/wp-content\/uploads\/2022\/01\/Genome-Financial-Reporting-System2.png","type":"","width":"","height":""}],"twitter_card":"summary_large_image","twitter_misc":{"Dur\u00e9e de lecture estim\u00e9e":"1 minute"},"schema":{"@context":"https:\/\/schema.org","@graph":[{"@type":"WebPage","@id":"https:\/\/genomecanada.ca\/fr\/apropos\/politiques-et-declarations-generales\/presentation-de-linformation-financiere\/","url":"https:\/\/genomecanada.ca\/fr\/apropos\/politiques-et-declarations-generales\/presentation-de-linformation-financiere\/","name":"Pr\u00e9sentation de l\u2019information financi\u00e8re - GenomeCanada","isPartOf":{"@id":"https:\/\/genomecanada.ca\/fr\/#website"},"primaryImageOfPage":{"@id":"https:\/\/genomecanada.ca\/fr\/apropos\/politiques-et-declarations-generales\/presentation-de-linformation-financiere\/#primaryimage"},"image":{"@id":"https:\/\/genomecanada.ca\/fr\/apropos\/politiques-et-declarations-generales\/presentation-de-linformation-financiere\/#primaryimage"},"thumbnailUrl":"https:\/\/genomecanada.ca\/wp-content\/uploads\/2022\/01\/Genome-Financial-Reporting-System2.png","datePublished":"2022-01-11T05:21:52+00:00","dateModified":"2022-05-04T16:54:16+00:00","breadcrumb":{"@id":"https:\/\/genomecanada.ca\/fr\/apropos\/politiques-et-declarations-generales\/presentation-de-linformation-financiere\/#breadcrumb"},"inLanguage":"fr-FR","potentialAction":[{"@type":"ReadAction","target":["https:\/\/genomecanada.ca\/fr\/apropos\/politiques-et-declarations-generales\/presentation-de-linformation-financiere\/"]}]},{"@type":"ImageObject","inLanguage":"fr-FR","@id":"https:\/\/genomecanada.ca\/fr\/apropos\/politiques-et-declarations-generales\/presentation-de-linformation-financiere\/#primaryimage","url":"https:\/\/genomecanada.ca\/wp-content\/uploads\/2022\/01\/Genome-Financial-Reporting-System2.png","contentUrl":"https:\/\/genomecanada.ca\/wp-content\/uploads\/2022\/01\/Genome-Financial-Reporting-System2.png"},{"@type":"BreadcrumbList","@id":"https:\/\/genomecanada.ca\/fr\/apropos\/politiques-et-declarations-generales\/presentation-de-linformation-financiere\/#breadcrumb","itemListElement":[{"@type":"ListItem","position":1,"name":"Home","item":"https:\/\/genomecanada.ca\/fr\/"},{"@type":"ListItem","position":2,"name":"\u00c0 propos","item":"https:\/\/genomecanada.ca\/fr\/about\/"},{"@type":"ListItem","position":3,"name":"Politiques et d\u00e9clarations g\u00e9n\u00e9rales","item":"https:\/\/genomecanada.ca\/fr\/about\/corporate-policies-and-statements\/"},{"@type":"ListItem","position":4,"name":"Pr\u00e9sentation de l\u2019information financi\u00e8re"}]},{"@type":"WebSite","@id":"https:\/\/genomecanada.ca\/fr\/#website","url":"https:\/\/genomecanada.ca\/fr\/","name":"GenomeCanada","description":"Harnessing the transformative power of genomics","publisher":{"@id":"https:\/\/genomecanada.ca\/fr\/#organization"},"potentialAction":[{"@type":"SearchAction","target":{"@type":"EntryPoint","urlTemplate":"https:\/\/genomecanada.ca\/fr\/?s={search_term_string}"},"query-input":{"@type":"PropertyValueSpecification","valueRequired":true,"valueName":"search_term_string"}}],"inLanguage":"fr-FR"},{"@type":"Organization","@id":"https:\/\/genomecanada.ca\/fr\/#organization","name":"GenomeCanada","url":"https:\/\/genomecanada.ca\/fr\/","logo":{"@type":"ImageObject","inLanguage":"fr-FR","@id":"https:\/\/genomecanada.ca\/fr\/#\/schema\/logo\/image\/","url":"https:\/\/genomecanada.ca\/wp-content\/uploads\/2021\/07\/genome-canada_stacked.svg","contentUrl":"https:\/\/genomecanada.ca\/wp-content\/uploads\/2021\/07\/genome-canada_stacked.svg","width":285,"height":180,"caption":"GenomeCanada"},"image":{"@id":"https:\/\/genomecanada.ca\/fr\/#\/schema\/logo\/image\/"}}]}},"_links":{"self":[{"href":"https:\/\/genomecanada.ca\/fr\/wp-json\/wp\/v2\/pages\/16790","targetHints":{"allow":["GET"]}}],"collection":[{"href":"https:\/\/genomecanada.ca\/fr\/wp-json\/wp\/v2\/pages"}],"about":[{"href":"https:\/\/genomecanada.ca\/fr\/wp-json\/wp\/v2\/types\/page"}],"author":[{"embeddable":true,"href":"https:\/\/genomecanada.ca\/fr\/wp-json\/wp\/v2\/users\/2"}],"replies":[{"embeddable":true,"href":"https:\/\/genomecanada.ca\/fr\/wp-json\/wp\/v2\/comments?post=16790"}],"version-history":[{"count":0,"href":"https:\/\/genomecanada.ca\/fr\/wp-json\/wp\/v2\/pages\/16790\/revisions"}],"up":[{"embeddable":true,"href":"https:\/\/genomecanada.ca\/fr\/wp-json\/wp\/v2\/pages\/16766"}],"wp:attachment":[{"href":"https:\/\/genomecanada.ca\/fr\/wp-json\/wp\/v2\/media?parent=16790"}],"curies":[{"name":"wp","href":"https:\/\/api.w.org\/{rel}","templated":true}]}}