{"id":17083,"date":"2021-10-08T07:00:30","date_gmt":"2021-10-08T11:00:30","guid":{"rendered":"https:\/\/genomecanada.ca\/?page_id=17083"},"modified":"2023-02-23T10:20:57","modified_gmt":"2023-02-23T15:20:57","slug":"possibilites-de-financement","status":"publish","type":"page","link":"https:\/\/genomecanada.ca\/fr\/projets-et-possibilites-de-financement\/possibilites-de-financement\/","title":{"rendered":"Possibilit\u00e9s de financement"},"content":{"rendered":"\t\t<div data-elementor-type=\"wp-page\" data-elementor-id=\"17083\" class=\"elementor elementor-17083 elementor-3393\" data-elementor-post-type=\"page\">\n\t\t\t\t\t\t<section class=\"has_eae_slider elementor-section elementor-top-section elementor-element elementor-element-969c81e elementor-section-full_width elementor-section-height-default elementor-section-height-default\" data-eae-slider=\"76376\" data-id=\"969c81e\" data-element_type=\"section\" data-e-type=\"section\">\n\t\t\t\t\t\t<div class=\"elementor-container elementor-column-gap-no\">\n\t\t\t\t\t<div class=\"has_eae_slider elementor-column elementor-col-100 elementor-top-column elementor-element elementor-element-ded4056\" data-eae-slider=\"64069\" data-id=\"ded4056\" data-element_type=\"column\" data-e-type=\"column\">\n\t\t\t<div class=\"elementor-widget-wrap elementor-element-populated\">\n\t\t\t\t\t\t<div class=\"elementor-element elementor-element-0f80708 bread-crumbs normal elementor-widget elementor-widget-breadcrumbs\" data-id=\"0f80708\" data-element_type=\"widget\" data-e-type=\"widget\" data-widget_type=\"breadcrumbs.default\">\n\t\t\t\t<div class=\"elementor-widget-container\">\n\t\t\t\t\t<p id=\"breadcrumbs\"><span><span><a href=\"https:\/\/genomecanada.ca\/fr\/\">Home<\/a><\/span><\/span><\/p>\t\t\t\t<\/div>\n\t\t\t\t<\/div>\n\t\t\t\t\t<\/div>\n\t\t<\/div>\n\t\t\t\t\t<\/div>\n\t\t<\/section>\n\t\t\t\t<section class=\"has_eae_slider elementor-section elementor-top-section elementor-element elementor-element-acd1f21 elementor-section-boxed elementor-section-height-default elementor-section-height-default\" data-eae-slider=\"51623\" data-id=\"acd1f21\" data-element_type=\"section\" data-e-type=\"section\">\n\t\t\t\t\t\t<div class=\"elementor-container elementor-column-gap-no\">\n\t\t\t\t\t<div class=\"has_eae_slider elementor-column elementor-col-100 elementor-top-column elementor-element elementor-element-097cfca\" data-eae-slider=\"35001\" data-id=\"097cfca\" data-element_type=\"column\" data-e-type=\"column\">\n\t\t\t<div class=\"elementor-widget-wrap elementor-element-populated\">\n\t\t\t\t\t\t<div class=\"elementor-element elementor-element-ab18267 elementor-widget elementor-widget-heading\" data-id=\"ab18267\" data-element_type=\"widget\" data-e-type=\"widget\" data-widget_type=\"heading.default\">\n\t\t\t\t<div class=\"elementor-widget-container\">\n\t\t\t\t\t<h1 class=\"elementor-heading-title elementor-size-default\">Possibilit\u00e9s de financement<\/h1>\t\t\t\t<\/div>\n\t\t\t\t<\/div>\n\t\t\t\t<div class=\"elementor-element elementor-element-17ae827 elementor-widget elementor-widget-heading\" data-id=\"17ae827\" data-element_type=\"widget\" data-e-type=\"widget\" data-widget_type=\"heading.default\">\n\t\t\t\t<div class=\"elementor-widget-container\">\n\t\t\t\t\t<h3 class=\"elementor-heading-title elementor-size-default\">Explorez les plus r\u00e9centes possibilit\u00e9s de financement de G\u00e9nome Canada et nos archives des concours de financement ant\u00e9rieurs<\/h3>\t\t\t\t<\/div>\n\t\t\t\t<\/div>\n\t\t\t\t\t<\/div>\n\t\t<\/div>\n\t\t\t\t\t<\/div>\n\t\t<\/section>\n\t\t\t\t<section class=\"has_eae_slider elementor-section elementor-top-section elementor-element elementor-element-6d4886f elementor-section-boxed elementor-section-height-default elementor-section-height-default\" data-eae-slider=\"58149\" data-id=\"6d4886f\" data-element_type=\"section\" data-e-type=\"section\" data-settings=\"{&quot;background_background&quot;:&quot;classic&quot;}\">\n\t\t\t\t\t\t<div class=\"elementor-container elementor-column-gap-default\">\n\t\t\t\t\t<div class=\"has_eae_slider elementor-column elementor-col-100 elementor-top-column elementor-element elementor-element-cd465e9\" data-eae-slider=\"90913\" data-id=\"cd465e9\" data-element_type=\"column\" data-e-type=\"column\">\n\t\t\t<div class=\"elementor-widget-wrap elementor-element-populated\">\n\t\t\t\t\t\t<div class=\"elementor-element elementor-element-0cf11a7 elementor-widget elementor-widget-heading\" data-id=\"0cf11a7\" data-element_type=\"widget\" data-e-type=\"widget\" data-widget_type=\"heading.default\">\n\t\t\t\t<div class=\"elementor-widget-container\">\n\t\t\t\t\t<h3 class=\"elementor-heading-title elementor-size-default\">Pr\u00e9ciser votre recherche<\/h3>\t\t\t\t<\/div>\n\t\t\t\t<\/div>\n\t\t\t\t<div class=\"elementor-element elementor-element-b133115 uael-button-halign-left uael-button-stack-mobile filter-buttons elementor-widget elementor-widget-uael-buttons\" data-id=\"b133115\" data-element_type=\"widget\" data-e-type=\"widget\" data-widget_type=\"uael-buttons.default\">\n\t\t\t\t<div class=\"elementor-widget-container\">\n\t\t\t\t\t\t\t<div class=\"uael-dual-button-outer-wrap\">\n\t\t\t<div class=\"uael-dual-button-wrap\">\n\t\t\t\t\t\t\t\t<div class=\"uael-button-wrapper uael-dual-button elementor-widget-button elementor-repeater-item-32c525a uael-dual-button-0\">\n\t\t\t\t\t<a class=\"elementor-button-link elementor-button elementor-size-sm elementor-button-link\" href=\"#\" anchor=\"sort\">\n\t\t\t\t\t\t\t\t<span class=\"elementor-button-content-wrapper uael-buttons-icon-right\">\n\t\t\t\t\t\t\t\t\t\t\t\t<span class=\"elementor-align-icon-right elementor-button-icon\">\n\t\t\t\t\t\t<svg aria-hidden=\"true\" class=\"e-font-icon-svg e-fas-chevron-down\" viewBox=\"0 0 448 512\" xmlns=\"http:\/\/www.w3.org\/2000\/svg\"><path d=\"M207.029 381.476L12.686 187.132c-9.373-9.373-9.373-24.569 0-33.941l22.667-22.667c9.357-9.357 24.522-9.375 33.901-.04L224 284.505l154.745-154.021c9.379-9.335 24.544-9.317 33.901.04l22.667 22.667c9.373 9.373 9.373 24.569 0 33.941L240.971 381.476c-9.373 9.372-24.569 9.372-33.942 0z\"><\/path><\/svg>\t\t\t\t\t<\/span>\n\t\t\t\t\t\t\t\t\t\t<span class=\"elementor-button-text elementor-inline-editing\" data-elementor-setting-key=\"buttons.0.text\" data-elementor-inline-editing-toolbar=\"none\">Sorte<\/span>\n\t\t<\/span>\n\t\t\t\t\t\t\t<\/a>\n\t\t\t\t<\/div>\n\t\t\t\t\t\t\t<\/div>\n\t\t<\/div>\n\t\t\t\t\t\t<\/div>\n\t\t\t\t<\/div>\n\t\t\t\t<div class=\"elementor-element elementor-element-2bec369 results-total elementor-widget elementor-widget-heading\" data-id=\"2bec369\" data-element_type=\"widget\" data-e-type=\"widget\" data-widget_type=\"heading.default\">\n\t\t\t\t<div class=\"elementor-widget-container\">\n\t\t\t\t\t<span class=\"elementor-heading-title elementor-size-default\">300 results<\/span>\t\t\t\t<\/div>\n\t\t\t\t<\/div>\n\t\t\t\t\t<\/div>\n\t\t<\/div>\n\t\t\t\t\t<\/div>\n\t\t<\/section>\n\t\t\t\t<section class=\"has_eae_slider elementor-section elementor-top-section elementor-element elementor-element-e224123 elementor-section-boxed elementor-section-height-default elementor-section-height-default\" data-eae-slider=\"38758\" data-id=\"e224123\" data-element_type=\"section\" data-e-type=\"section\" data-settings=\"{&quot;background_background&quot;:&quot;gradient&quot;}\">\n\t\t\t\t\t\t\t<div class=\"elementor-background-overlay\"><\/div>\n\t\t\t\t\t\t\t<div class=\"elementor-container elementor-column-gap-no\">\n\t\t\t\t\t<div class=\"has_eae_slider elementor-column elementor-col-100 elementor-top-column elementor-element elementor-element-a53c385\" data-eae-slider=\"32862\" data-id=\"a53c385\" data-element_type=\"column\" data-e-type=\"column\">\n\t\t\t<div class=\"elementor-widget-wrap elementor-element-populated\">\n\t\t\t\t\t\t<section class=\"has_eae_slider elementor-section elementor-inner-section elementor-element elementor-element-ecd4675 elementor-section-boxed elementor-section-height-default elementor-section-height-default\" data-eae-slider=\"5244\" data-id=\"ecd4675\" data-element_type=\"section\" data-e-type=\"section\">\n\t\t\t\t\t\t<div class=\"elementor-container elementor-column-gap-default\">\n\t\t\t\t\t<div class=\"has_eae_slider elementor-column elementor-col-100 elementor-inner-column elementor-element elementor-element-a6b5d1d\" data-eae-slider=\"67590\" data-id=\"a6b5d1d\" data-element_type=\"column\" data-e-type=\"column\">\n\t\t\t<div class=\"elementor-widget-wrap elementor-element-populated\">\n\t\t\t\t\t\t<div class=\"elementor-element elementor-element-bd2208f elementor-widget elementor-widget-shortcode\" data-id=\"bd2208f\" data-element_type=\"widget\" data-e-type=\"widget\" data-widget_type=\"shortcode.default\">\n\t\t\t\t<div class=\"elementor-widget-container\">\n\t\t\t\t\t\t\t<div class=\"elementor-shortcode\">    <div class=\"search-applied-filter\"><\/div>\r\n    <\/div>\n\t\t\t\t\t\t<\/div>\n\t\t\t\t<\/div>\n\t\t\t\t<div class=\"elementor-element elementor-element-d43d893 results-counter elementor-widget elementor-widget-heading\" data-id=\"d43d893\" data-element_type=\"widget\" data-e-type=\"widget\" data-widget_type=\"heading.default\">\n\t\t\t\t<div class=\"elementor-widget-container\">\n\t\t\t\t\t<span class=\"elementor-heading-title elementor-size-default\">1\u201320 of 300 results<\/span>\t\t\t\t<\/div>\n\t\t\t\t<\/div>\n\t\t\t\t<div class=\"elementor-element elementor-element-110544c elementor-widget elementor-widget-shortcode\" data-id=\"110544c\" data-element_type=\"widget\" data-e-type=\"widget\" data-widget_type=\"shortcode.default\">\n\t\t\t\t<div class=\"elementor-widget-container\">\n\t\t\t\t\t\t\t<div class=\"elementor-shortcode\">    <style>\r\n        .results-total, .results-counter {\r\n            display: none;\r\n        }\r\n    <\/style>\r\n    <div class=\"cancogen-feeds-results projects-feeds\"><\/div>\r\n    \r\n    <div class=\"filter-popup close\">\r\n        <div class=\"filter-wrap\">\r\n            <div class=\"filter-header\">\r\n                <h4>Filtres<\/h4>\r\n                <button class=\"close\">\r\n                    <svg xmlns=\"http:\/\/www.w3.org\/2000\/svg\" width=\"16.803\" height=\"16.803\" viewBox=\"0 0 16.803 16.803\">\r\n                        <g id=\"close-icon\" transform=\"translate(-1874.832 -825)\">\r\n                            <path id=\"Path_3930\" data-name=\"Path 3930\" d=\"M1890.635,841.8a1,1,0,0,1-.707-.293l-14.8-14.8a1,1,0,0,1,1.414-1.414l14.8,14.8a1,1,0,0,1-.707,1.707Z\" fill=\"#19397b\"\/>\r\n                            <path id=\"Path_3931\" data-name=\"Path 3931\" d=\"M1875.832,841.8a1,1,0,0,1-.707-1.707l14.8-14.8a1,1,0,0,1,1.414,1.414l-14.8,14.8A1,1,0,0,1,1875.832,841.8Z\" fill=\"#19397b\"\/>\r\n                        <\/g>\r\n                    <\/svg>\r\n                <\/button>\r\n            <\/div>\r\n            <div class=\"filter-fields\">\r\n\r\n                \r\n                <div class=\"filter-toggle\" data-anchor=\"sort\">\r\n                    <div class=\"filter-toggle-header\">\r\n                        <span class=\"title\">Sorte<\/span>\r\n                        <span class=\"selected\"><\/span>\r\n                    <\/div>\r\n                    <div class=\"filter-field\">\r\n                        <select id=\"sort\">          \r\n                            <option value=\"\">D\u00e9faut<\/option>                 \r\n                            <option value=\"newest\">Du plus r\u00e9cent au plus ancien<\/option>\r\n                            <option value=\"oldest\">Du plus r\u00e9cent au plus ancien<\/option>\r\n                        <\/select>\r\n                    <\/div>\r\n                <\/div>\r\n\r\n                \r\n                \r\n                \r\n\r\n            <\/div>\r\n            <div class=\"filter-footer\">\r\n                <button class=\"clear-all\">\r\n                    <span>Tout effacer<\/span>\r\n                <\/button>\r\n                <button class=\"view\">\r\n                    <span>Voir<\/span>\r\n                <\/button>\r\n            <\/div>\r\n        <\/div>\r\n    <\/div>\r\n\r\n    <\/div>\n\t\t\t\t\t\t<\/div>\n\t\t\t\t<\/div>\n\t\t\t\t\t<\/div>\n\t\t<\/div>\n\t\t\t\t\t<\/div>\n\t\t<\/section>\n\t\t\t\t<section class=\"has_eae_slider elementor-section elementor-inner-section elementor-element elementor-element-b26c60e elementor-section-boxed elementor-section-height-default elementor-section-height-default\" data-eae-slider=\"35367\" data-id=\"b26c60e\" data-element_type=\"section\" data-e-type=\"section\">\n\t\t\t\t\t\t<div class=\"elementor-container elementor-column-gap-default\">\n\t\t\t\t\t<div class=\"has_eae_slider elementor-column elementor-col-100 elementor-inner-column elementor-element elementor-element-2b95bf1 cancogen-feeds-load-more\" data-eae-slider=\"60306\" data-id=\"2b95bf1\" data-element_type=\"column\" data-e-type=\"column\">\n\t\t\t<div class=\"elementor-widget-wrap elementor-element-populated\">\n\t\t\t\t\t\t<div class=\"elementor-element elementor-element-557f239 elementor-align-left learn-more-button cancogen-feeds-more elementor-widget elementor-widget-button\" data-id=\"557f239\" data-element_type=\"widget\" data-e-type=\"widget\" data-widget_type=\"button.default\">\n\t\t\t\t<div class=\"elementor-widget-container\">\n\t\t\t\t\t\t\t\t\t<div class=\"elementor-button-wrapper\">\n\t\t\t\t\t<a class=\"elementor-button elementor-button-link elementor-size-sm\" href=\"#\">\n\t\t\t\t\t\t<span class=\"elementor-button-content-wrapper\">\n\t\t\t\t\t\t\t\t\t<span class=\"elementor-button-text\">montre plus<\/span>\n\t\t\t\t\t<\/span>\n\t\t\t\t\t<\/a>\n\t\t\t\t<\/div>\n\t\t\t\t\t\t\t\t<\/div>\n\t\t\t\t<\/div>\n\t\t\t\t<div class=\"elementor-element elementor-element-b453079 button-icon elementor-view-default elementor-widget elementor-widget-icon\" data-id=\"b453079\" data-element_type=\"widget\" data-e-type=\"widget\" data-widget_type=\"icon.default\">\n\t\t\t\t<div class=\"elementor-widget-container\">\n\t\t\t\t\t\t\t<div class=\"elementor-icon-wrapper\">\n\t\t\t<div class=\"elementor-icon\">\n\t\t\t<svg xmlns=\"http:\/\/www.w3.org\/2000\/svg\" width=\"46\" height=\"46\" viewBox=\"0 0 46 46\"><defs><style>.a{fill:#fff;stroke:#d9d9d9;}.b,.d{fill:none;}.b{stroke:#063c7e;stroke-linecap:round;stroke-linejoin:round;stroke-width:2px;}.c{stroke:none;}<\/style><\/defs><g transform=\"translate(46.465 46.465) rotate(180)\"><g class=\"a\" transform=\"translate(0.465 0.465)\"><rect class=\"c\" width=\"46\" height=\"46\"><\/rect><rect class=\"d\" x=\"0.5\" y=\"0.5\" width=\"45\" height=\"45\"><\/rect><\/g><path class=\"b\" d=\"M0,8.143,8.143,0l8.143,8.143\" transform=\"translate(18.283 31.608) rotate(-90)\"><\/path><\/g><\/svg>\t\t\t<\/div>\n\t\t<\/div>\n\t\t\t\t\t\t<\/div>\n\t\t\t\t<\/div>\n\t\t\t\t\t<\/div>\n\t\t<\/div>\n\t\t\t\t\t<\/div>\n\t\t<\/section>\n\t\t\t\t\t<\/div>\n\t\t<\/div>\n\t\t\t\t\t<\/div>\n\t\t<\/section>\n\t\t\t\t<\/div>\n\t\t","protected":false},"excerpt":{"rendered":"<p>Possibilit\u00e9s de financement Explorez les plus r\u00e9centes possibilit\u00e9s de financement de G\u00e9nome Canada et nos archives des concours de financement ant\u00e9rieurs Pr\u00e9ciser votre recherche Sorte 300 results 1\u201320 of 300 results montre plus<\/p>\n","protected":false},"author":2,"featured_media":0,"parent":17072,"menu_order":0,"comment_status":"closed","ping_status":"closed","template":"","meta":{"_acf_changed":false,"site-sidebar-layout":"no-sidebar","site-content-layout":"page-builder","ast-site-content-layout":"default","site-content-style":"default","site-sidebar-style":"default","ast-global-header-display":"","ast-banner-title-visibility":"","ast-main-header-display":"","ast-hfb-above-header-display":"","ast-hfb-below-header-display":"","ast-hfb-mobile-header-display":"","site-post-title":"disabled","ast-breadcrumbs-content":"","ast-featured-img":"disabled","footer-sml-layout":"","ast-disable-related-posts":"","theme-transparent-header-meta":"default","adv-header-id-meta":"","stick-header-meta":"","header-above-stick-meta":"","header-main-stick-meta":"","header-below-stick-meta":"","astra-migrate-meta-layouts":"default","ast-page-background-enabled":"default","ast-page-background-meta":{"desktop":{"background-color":"","background-image":"","background-repeat":"repeat","background-position":"center center","background-size":"auto","background-attachment":"scroll","background-type":"","background-media":"","overlay-type":"","overlay-color":"","overlay-opacity":"","overlay-gradient":""},"tablet":{"background-color":"","background-image":"","background-repeat":"repeat","background-position":"center center","background-size":"auto","background-attachment":"scroll","background-type":"","background-media":"","overlay-type":"","overlay-color":"","overlay-opacity":"","overlay-gradient":""},"mobile":{"background-color":"","background-image":"","background-repeat":"repeat","background-position":"center center","background-size":"auto","background-attachment":"scroll","background-type":"","background-media":"","overlay-type":"","overlay-color":"","overlay-opacity":"","overlay-gradient":""}},"ast-content-background-meta":{"desktop":{"background-color":"var(--ast-global-color-5)","background-image":"","background-repeat":"repeat","background-position":"center center","background-size":"auto","background-attachment":"scroll","background-type":"","background-media":"","overlay-type":"","overlay-color":"","overlay-opacity":"","overlay-gradient":""},"tablet":{"background-color":"var(--ast-global-color-5)","background-image":"","background-repeat":"repeat","background-position":"center center","background-size":"auto","background-attachment":"scroll","background-type":"","background-media":"","overlay-type":"","overlay-color":"","overlay-opacity":"","overlay-gradient":""},"mobile":{"background-color":"var(--ast-global-color-5)","background-image":"","background-repeat":"repeat","background-position":"center center","background-size":"auto","background-attachment":"scroll","background-type":"","background-media":"","overlay-type":"","overlay-color":"","overlay-opacity":"","overlay-gradient":""}},"footnotes":""},"class_list":["post-17083","page","type-page","status-publish","hentry"],"acf":[],"yoast_head":"<!-- This site is optimized with the Yoast SEO plugin v27.5 - https:\/\/yoast.com\/product\/yoast-seo-wordpress\/ -->\n<title>Possibilit\u00e9s de financement - GenomeCanada<\/title>\n<meta name=\"description\" content=\"Notre approche centr\u00e9e sur les d\u00e9fis favorise la transformation des id\u00e9es et des connaissances en impacts \u00e9conomiques, sanitaires, sociaux et environnementaux.\" \/>\n<meta name=\"robots\" content=\"index, follow, max-snippet:-1, max-image-preview:large, max-video-preview:-1\" \/>\n<link rel=\"canonical\" href=\"https:\/\/genomecanada.ca\/fr\/projets-et-possibilites-de-financement\/possibilites-de-financement\/\" \/>\n<meta property=\"og:locale\" content=\"fr_FR\" \/>\n<meta property=\"og:type\" content=\"article\" \/>\n<meta property=\"og:title\" content=\"Possibilit\u00e9s de financement - GenomeCanada\" \/>\n<meta property=\"og:description\" content=\"Notre approche centr\u00e9e sur les d\u00e9fis favorise la transformation des id\u00e9es et des connaissances en impacts \u00e9conomiques, sanitaires, sociaux et environnementaux.\" \/>\n<meta property=\"og:url\" content=\"https:\/\/genomecanada.ca\/fr\/projets-et-possibilites-de-financement\/possibilites-de-financement\/\" \/>\n<meta property=\"og:site_name\" content=\"GenomeCanada\" \/>\n<meta property=\"article:modified_time\" content=\"2023-02-23T15:20:57+00:00\" \/>\n<meta name=\"twitter:card\" content=\"summary_large_image\" \/>\n<meta name=\"twitter:label1\" content=\"Dur\u00e9e de lecture estim\u00e9e\" \/>\n\t<meta name=\"twitter:data1\" content=\"1 minute\" \/>\n<script type=\"application\/ld+json\" class=\"yoast-schema-graph\">{\"@context\":\"https:\\\/\\\/schema.org\",\"@graph\":[{\"@type\":\"WebPage\",\"@id\":\"https:\\\/\\\/genomecanada.ca\\\/fr\\\/projets-et-possibilites-de-financement\\\/possibilites-de-financement\\\/\",\"url\":\"https:\\\/\\\/genomecanada.ca\\\/fr\\\/projets-et-possibilites-de-financement\\\/possibilites-de-financement\\\/\",\"name\":\"Possibilit\u00e9s de financement - GenomeCanada\",\"isPartOf\":{\"@id\":\"https:\\\/\\\/genomecanada.ca\\\/fr\\\/#website\"},\"datePublished\":\"2021-10-08T11:00:30+00:00\",\"dateModified\":\"2023-02-23T15:20:57+00:00\",\"description\":\"Notre approche centr\u00e9e sur les d\u00e9fis favorise la transformation des id\u00e9es et des connaissances en impacts \u00e9conomiques, sanitaires, sociaux et environnementaux.\",\"breadcrumb\":{\"@id\":\"https:\\\/\\\/genomecanada.ca\\\/fr\\\/projets-et-possibilites-de-financement\\\/possibilites-de-financement\\\/#breadcrumb\"},\"inLanguage\":\"fr-FR\",\"potentialAction\":[{\"@type\":\"ReadAction\",\"target\":[\"https:\\\/\\\/genomecanada.ca\\\/fr\\\/projets-et-possibilites-de-financement\\\/possibilites-de-financement\\\/\"]}]},{\"@type\":\"BreadcrumbList\",\"@id\":\"https:\\\/\\\/genomecanada.ca\\\/fr\\\/projets-et-possibilites-de-financement\\\/possibilites-de-financement\\\/#breadcrumb\",\"itemListElement\":[{\"@type\":\"ListItem\",\"position\":1,\"name\":\"Home\",\"item\":\"https:\\\/\\\/genomecanada.ca\\\/fr\\\/\"},{\"@type\":\"ListItem\",\"position\":2,\"name\":\"Projets et possibilit\u00e9s de financement\",\"item\":\"https:\\\/\\\/genomecanada.ca\\\/fr\\\/projets-et-possibilites-de-financement\\\/\"},{\"@type\":\"ListItem\",\"position\":3,\"name\":\"Possibilit\u00e9s de financement\"}]},{\"@type\":\"WebSite\",\"@id\":\"https:\\\/\\\/genomecanada.ca\\\/fr\\\/#website\",\"url\":\"https:\\\/\\\/genomecanada.ca\\\/fr\\\/\",\"name\":\"GenomeCanada\",\"description\":\"Harnessing the transformative power of genomics\",\"publisher\":{\"@id\":\"https:\\\/\\\/genomecanada.ca\\\/fr\\\/#organization\"},\"potentialAction\":[{\"@type\":\"SearchAction\",\"target\":{\"@type\":\"EntryPoint\",\"urlTemplate\":\"https:\\\/\\\/genomecanada.ca\\\/fr\\\/?s={search_term_string}\"},\"query-input\":{\"@type\":\"PropertyValueSpecification\",\"valueRequired\":true,\"valueName\":\"search_term_string\"}}],\"inLanguage\":\"fr-FR\"},{\"@type\":\"Organization\",\"@id\":\"https:\\\/\\\/genomecanada.ca\\\/fr\\\/#organization\",\"name\":\"GenomeCanada\",\"url\":\"https:\\\/\\\/genomecanada.ca\\\/fr\\\/\",\"logo\":{\"@type\":\"ImageObject\",\"inLanguage\":\"fr-FR\",\"@id\":\"https:\\\/\\\/genomecanada.ca\\\/fr\\\/#\\\/schema\\\/logo\\\/image\\\/\",\"url\":\"https:\\\/\\\/genomecanada.ca\\\/wp-content\\\/uploads\\\/2021\\\/07\\\/genome-canada_stacked.svg\",\"contentUrl\":\"https:\\\/\\\/genomecanada.ca\\\/wp-content\\\/uploads\\\/2021\\\/07\\\/genome-canada_stacked.svg\",\"width\":285,\"height\":180,\"caption\":\"GenomeCanada\"},\"image\":{\"@id\":\"https:\\\/\\\/genomecanada.ca\\\/fr\\\/#\\\/schema\\\/logo\\\/image\\\/\"}}]}<\/script>\n<!-- \/ Yoast SEO plugin. -->","yoast_head_json":{"title":"Possibilit\u00e9s de financement - GenomeCanada","description":"Notre approche centr\u00e9e sur les d\u00e9fis favorise la transformation des id\u00e9es et des connaissances en impacts \u00e9conomiques, sanitaires, sociaux et environnementaux.","robots":{"index":"index","follow":"follow","max-snippet":"max-snippet:-1","max-image-preview":"max-image-preview:large","max-video-preview":"max-video-preview:-1"},"canonical":"https:\/\/genomecanada.ca\/fr\/projets-et-possibilites-de-financement\/possibilites-de-financement\/","og_locale":"fr_FR","og_type":"article","og_title":"Possibilit\u00e9s de financement - GenomeCanada","og_description":"Notre approche centr\u00e9e sur les d\u00e9fis favorise la transformation des id\u00e9es et des connaissances en impacts \u00e9conomiques, sanitaires, sociaux et environnementaux.","og_url":"https:\/\/genomecanada.ca\/fr\/projets-et-possibilites-de-financement\/possibilites-de-financement\/","og_site_name":"GenomeCanada","article_modified_time":"2023-02-23T15:20:57+00:00","twitter_card":"summary_large_image","twitter_misc":{"Dur\u00e9e de lecture estim\u00e9e":"1 minute"},"schema":{"@context":"https:\/\/schema.org","@graph":[{"@type":"WebPage","@id":"https:\/\/genomecanada.ca\/fr\/projets-et-possibilites-de-financement\/possibilites-de-financement\/","url":"https:\/\/genomecanada.ca\/fr\/projets-et-possibilites-de-financement\/possibilites-de-financement\/","name":"Possibilit\u00e9s de financement - GenomeCanada","isPartOf":{"@id":"https:\/\/genomecanada.ca\/fr\/#website"},"datePublished":"2021-10-08T11:00:30+00:00","dateModified":"2023-02-23T15:20:57+00:00","description":"Notre approche centr\u00e9e sur les d\u00e9fis favorise la transformation des id\u00e9es et des connaissances en impacts \u00e9conomiques, sanitaires, sociaux et environnementaux.","breadcrumb":{"@id":"https:\/\/genomecanada.ca\/fr\/projets-et-possibilites-de-financement\/possibilites-de-financement\/#breadcrumb"},"inLanguage":"fr-FR","potentialAction":[{"@type":"ReadAction","target":["https:\/\/genomecanada.ca\/fr\/projets-et-possibilites-de-financement\/possibilites-de-financement\/"]}]},{"@type":"BreadcrumbList","@id":"https:\/\/genomecanada.ca\/fr\/projets-et-possibilites-de-financement\/possibilites-de-financement\/#breadcrumb","itemListElement":[{"@type":"ListItem","position":1,"name":"Home","item":"https:\/\/genomecanada.ca\/fr\/"},{"@type":"ListItem","position":2,"name":"Projets et possibilit\u00e9s de financement","item":"https:\/\/genomecanada.ca\/fr\/projets-et-possibilites-de-financement\/"},{"@type":"ListItem","position":3,"name":"Possibilit\u00e9s de financement"}]},{"@type":"WebSite","@id":"https:\/\/genomecanada.ca\/fr\/#website","url":"https:\/\/genomecanada.ca\/fr\/","name":"GenomeCanada","description":"Harnessing the transformative power of genomics","publisher":{"@id":"https:\/\/genomecanada.ca\/fr\/#organization"},"potentialAction":[{"@type":"SearchAction","target":{"@type":"EntryPoint","urlTemplate":"https:\/\/genomecanada.ca\/fr\/?s={search_term_string}"},"query-input":{"@type":"PropertyValueSpecification","valueRequired":true,"valueName":"search_term_string"}}],"inLanguage":"fr-FR"},{"@type":"Organization","@id":"https:\/\/genomecanada.ca\/fr\/#organization","name":"GenomeCanada","url":"https:\/\/genomecanada.ca\/fr\/","logo":{"@type":"ImageObject","inLanguage":"fr-FR","@id":"https:\/\/genomecanada.ca\/fr\/#\/schema\/logo\/image\/","url":"https:\/\/genomecanada.ca\/wp-content\/uploads\/2021\/07\/genome-canada_stacked.svg","contentUrl":"https:\/\/genomecanada.ca\/wp-content\/uploads\/2021\/07\/genome-canada_stacked.svg","width":285,"height":180,"caption":"GenomeCanada"},"image":{"@id":"https:\/\/genomecanada.ca\/fr\/#\/schema\/logo\/image\/"}}]}},"_links":{"self":[{"href":"https:\/\/genomecanada.ca\/fr\/wp-json\/wp\/v2\/pages\/17083","targetHints":{"allow":["GET"]}}],"collection":[{"href":"https:\/\/genomecanada.ca\/fr\/wp-json\/wp\/v2\/pages"}],"about":[{"href":"https:\/\/genomecanada.ca\/fr\/wp-json\/wp\/v2\/types\/page"}],"author":[{"embeddable":true,"href":"https:\/\/genomecanada.ca\/fr\/wp-json\/wp\/v2\/users\/2"}],"replies":[{"embeddable":true,"href":"https:\/\/genomecanada.ca\/fr\/wp-json\/wp\/v2\/comments?post=17083"}],"version-history":[{"count":0,"href":"https:\/\/genomecanada.ca\/fr\/wp-json\/wp\/v2\/pages\/17083\/revisions"}],"up":[{"embeddable":true,"href":"https:\/\/genomecanada.ca\/fr\/wp-json\/wp\/v2\/pages\/17072"}],"wp:attachment":[{"href":"https:\/\/genomecanada.ca\/fr\/wp-json\/wp\/v2\/media?parent=17083"}],"curies":[{"name":"wp","href":"https:\/\/api.w.org\/{rel}","templated":true}]}}